{"id":301,"date":"2017-06-09T07:52:41","date_gmt":"2017-06-09T07:52:41","guid":{"rendered":"https:\/\/victorthemes.com\/themes\/roof\/?page_id=301"},"modified":"2023-03-16T11:10:31","modified_gmt":"2023-03-16T11:10:31","slug":"ueber-uns","status":"publish","type":"page","link":"https:\/\/elton-bautenschutz.de\/ws\/ueber-uns\/","title":{"rendered":"\u00dcber uns"},"content":{"rendered":"<p>[vc_row][vc_column][vc_custom_heading text=&#8220;Unsere Grunds\u00e4tze&#8220; font_container=&#8220;tag:h2|font_size:24|text_align:left|color:%23232323&#8243; google_fonts=&#8220;font_family:Raleway%3A100%2C200%2C300%2Cregular%2C500%2C600%2C700%2C800%2C900|font_style:700%20bold%20regular%3A700%3Anormal&#8220; css=&#8220;.vc_custom_1661263982519{margin-bottom: 30px !important;}&#8220;][\/vc_column][\/vc_row][vc_row][vc_column][vc_single_image image=&#8220;2082&#8243; img_size=&#8220;full&#8220; alignment=&#8220;center&#8220;][vc_column_text css=&#8220;.vc_custom_1661263966641{margin-top: 25px !important;margin-bottom: 25px !important;}&#8220;]F\u00fcr uns sind Kundenbeziehungen wichtig und unsere Philosophie setzt darauf, mit unseren Kunden zusammenzuarbeiten, um eine wettbewerbsf\u00e4higes und effektivse Paket mit einem qualitativ hochwertigen Ansatz abliefern zu k\u00f6nnen. Unsere Projektvielfalt und unser Engagement f\u00fcr Qualit\u00e4t haben es uns erm\u00f6glicht, die Bed\u00fcrfnisse und Erwartungen unserer Kunden zu treffen.<\/p>\n<p>Wir \u00fcbernehmen Verantwortung f\u00fcr unsere Mitarbeiter. Unsere Dienstleistungen umfassen Wohnmraumgestaltung, Trockenbau und Renovierung, Montage und Hausmeisterservice. Seit \u00fcber 5 Jahren bedienen wir unsere Kunden mit dem gleichen zuverl\u00e4ssigen Service, der uns zum vertrauensw\u00fcrdigsten Auftragnehmer macht.[\/vc_column_text][\/vc_column][\/vc_row][vc_row][vc_column css=&#8220;.vc_custom_1497435133918{padding-top: 0px !important;padding-bottom: 0px !important;}&#8220;][vc_separator][\/vc_column][\/vc_row][vc_row disable_element=&#8220;yes&#8220; overlay_dotted=&#8220;&#8220;][vc_column width=&#8220;1\/2&#8243;][vc_custom_heading text=&#8220;Why Choose Us&#8220; font_container=&#8220;tag:h2|text_align:left|color:%23232323&#8243; google_fonts=&#8220;font_family:Raleway%3A100%2C200%2C300%2Cregular%2C500%2C600%2C700%2C800%2C900|font_style:700%20bold%20regular%3A700%3Anormal&#8220;][vc_custom_heading text=&#8220;Roof is one of the most experienced and respected building &amp; construction firms for over a century. Roof have been transforming the ideas and visions of our clients into award-winning projects.&#8220; font_container=&#8220;tag:p|text_align:left|color:%23888888&#8243; google_fonts=&#8220;font_family:Open%20Sans%3A300%2C300italic%2Cregular%2Citalic%2C600%2C600italic%2C700%2C700italic%2C800%2C800italic|font_style:400%20regular%3A400%3Anormal&#8220;]<ul class=\"square-bullets  roof-list-69f63d4493c6c\"><li>Financial Responsibility to Our Clients<\/li><li>Superior Quality and Craftsmanship<\/li><li>Quality and Value to the Projects We Deliver<\/li><li>Highest Standards in Cost Control<\/li><li>On Time and on Budget<\/li><li>Real Focus on Customer Satisfaction<\/li><\/ul>[\/vc_column][vc_column width=&#8220;1\/2&#8243;][vc_custom_heading text=&#8220;Popular Questions&#8220; font_container=&#8220;tag:h2|text_align:left|color:%23232323&#8243; google_fonts=&#8220;font_family:Raleway%3A100%2C200%2C300%2Cregular%2C500%2C600%2C700%2C800%2C900|font_style:700%20bold%20regular%3A700%3Anormal&#8220;]<div class=\"roof-questions  collapse-others\"><div class=\"accordion\" id=\"accordion-our-company-mission0\" role=\"tablist\" aria-multiselectable=\"true\"><div class=\"card panel panel-default\"><div class=\"panel-heading show\"><h4 class=\"panel-title accordion-title\"><button class=\"btn btn-link panel-title accordion-toggle \" data-toggle=\"collapse\" data-target=\"#blsptAcc-069f63d4493cdf\" aria-expanded=\"true\" aria-controls=\"blsptAcc-069f63d4493cdf\"><strong>Our Company Mission<\/strong><\/button><\/h4><\/div><div id=\"blsptAcc-069f63d4493cdf\" class=\"panel-collapse collapse show\"><div class=\"card-body panel-body panel-content\">[vc_custom_heading text=&#8220;For small projects like replacing a window or patching a wall, the answer is no. For larger projects, In an architect can add tremendous value and cost savings to your project.&#8220; font_container=&#8220;tag:p|text_align:left|color:%23888888&#8243; google_fonts=&#8220;font_family:Open%20Sans%3A300%2C300italic%2Cregular%2Citalic%2C600%2C600italic%2C700%2C700italic%2C800%2C800italic|font_style:400%20regular%3A400%3Anormal&#8220;]<\/div><\/div><\/div><\/div><div class=\"accordion\" id=\"accordion-how-to-pay-for-your-services1\" role=\"tablist\" aria-multiselectable=\"true\"><div class=\"card panel panel-default\"><div class=\"panel-heading\"><h4 class=\"panel-title accordion-title\"><button class=\"btn btn-link panel-title accordion-toggle \" data-toggle=\"collapse\" data-target=\"#blsptAcc-169f63d4493cdf\" aria-expanded=\"true\" aria-controls=\"blsptAcc-169f63d4493cdf\"><strong>How to pay for your services?<\/strong><\/button><\/h4><\/div><div id=\"blsptAcc-169f63d4493cdf\" class=\"panel-collapse collapse\"><div class=\"card-body panel-body panel-content\">[vc_custom_heading text=&#8220;It does make candidates stand out if they can call on examples from other areas of their lives, such as internships, part-time jobs or extracurricular activities,\u2019 Neemita Mepani, graduate resourcing partner at AMEC, reflects.&#8220; font_container=&#8220;tag:p|text_align:left|color:%23888888&#8243; google_fonts=&#8220;font_family:Open%20Sans%3A300%2C300italic%2Cregular%2Citalic%2C600%2C600italic%2C700%2C700italic%2C800%2C800italic|font_style:400%20regular%3A400%3Anormal&#8220;]<\/div><\/div><\/div><\/div><div class=\"accordion\" id=\"accordion-how-can-i-terminate-the-contract2\" role=\"tablist\" aria-multiselectable=\"true\"><div class=\"card panel panel-default\"><div class=\"panel-heading\"><h4 class=\"panel-title accordion-title\"><button class=\"btn btn-link panel-title accordion-toggle \" data-toggle=\"collapse\" data-target=\"#blsptAcc-269f63d4493cdf\" aria-expanded=\"true\" aria-controls=\"blsptAcc-269f63d4493cdf\"><strong>How can I terminate the contract?<\/strong><\/button><\/h4><\/div><div id=\"blsptAcc-269f63d4493cdf\" class=\"panel-collapse collapse\"><div class=\"card-body panel-body panel-content\">[vc_custom_heading text=&#8220;It follow the STAR format when giving your examples. Explain the Situation, the Tasks you had to complete, the Actions you took and the Results of your actions. Place the most emphasis on the actions and the results.&#8220; font_container=&#8220;tag:p|text_align:left|color:%23888888&#8243; google_fonts=&#8220;font_family:Open%20Sans%3A300%2C300italic%2Cregular%2Citalic%2C600%2C600italic%2C700%2C700italic%2C800%2C800italic|font_style:400%20regular%3A400%3Anormal&#8220;]<\/div><\/div><\/div><\/div><\/div>[\/vc_column][\/vc_row][vc_row disable_element=&#8220;yes&#8220; overlay_dotted=&#8220;&#8220;][vc_column css=&#8220;.vc_custom_1497435133918{padding-top: 0px !important;padding-bottom: 0px !important;}&#8220;][vc_separator][\/vc_column][\/vc_row][vc_row][vc_column width=&#8220;1\/3&#8243;]<div class=\"roof-services  services-69f63d4493db3 \"><div class=\"service-item\"><div class=\"roof-picture\"><a href=\"https:\/\/elton-bautenschutz.de\/ws\/wohnraumberatung\/\"><img decoding=\"async\" src=\"https:\/\/elton-bautenschutz.de\/ws\/wp-content\/uploads\/2022\/08\/vecteezy_person-s-engineer-hand-drawing-plan-on-blue-print-with_7359670_4201.jpg\" alt=\"WOHNRAUMBERATUNG\"><\/a><\/div><div class=\"service-info\"><h5 class=\"service-title\"><a href=\"https:\/\/elton-bautenschutz.de\/ws\/wohnraumberatung\/\" target=\"_blank\">WOHNRAUMBERATUNG<\/a><\/h5><p>Sch\u00f6n soll es werden, da sind sich die meisten einig. Gerne helfen wir Ihnen. Von der Beratung, \u00fcber die Planung bis zur Umsetzung sind Sie bei uns richtig.<\/p>\n<div class=\"read-more\"><a href=\"https:\/\/elton-bautenschutz.de\/ws\/wohnraumberatung\/\" target=\"_blank\">weiter<\/a><\/div><\/div><\/div><\/div>[\/vc_column][vc_column width=&#8220;1\/3&#8243;]<div class=\"roof-services  services-69f63d4493e82 \"><div class=\"service-item\"><div class=\"roof-picture\"><a href=\"https:\/\/elton-bautenschutz.de\/ws\/trockenbau-montage-renovierung\/\"><img decoding=\"async\" src=\"https:\/\/elton-bautenschutz.de\/ws\/wp-content\/uploads\/2022\/08\/vecteezy_worker-measures-with-tape-the-parts-that-need-work_7314008_4561.jpg\" alt=\"TROCKENBAU & RENOVIERUNG\"><\/a><\/div><div class=\"service-info\"><h5 class=\"service-title\"><a href=\"https:\/\/elton-bautenschutz.de\/ws\/trockenbau-montage-renovierung\/\" target=\"_blank\">TROCKENBAU & RENOVIERUNG<\/a><\/h5><p>Wir bieten professionelle Baudienstleistungen bei Hausrenovierungen und Trockenbauten bis hin zu kleineren Ausbesserungsarbeiten.<\/p>\n<div class=\"read-more\"><a href=\"https:\/\/elton-bautenschutz.de\/ws\/trockenbau-montage-renovierung\/\" target=\"_blank\">weiter<\/a><\/div><\/div><\/div><\/div>[\/vc_column][vc_column width=&#8220;1\/3&#8243;]<div class=\"roof-services  services-69f63d4493f30 \"><div class=\"service-item\"><div class=\"roof-picture\"><a href=\"https:\/\/elton-bautenschutz.de\/ws\/hausmeisterservice\/\"><img decoding=\"async\" src=\"https:\/\/elton-bautenschutz.de\/ws\/wp-content\/uploads\/2022\/08\/vecteezy_businesswoman-choosing-mini-house-model-from-model-on-wood_9312034_7051.jpg\" alt=\"HAUSMEISTERSERVICE\"><\/a><\/div><div class=\"service-info\"><h5 class=\"service-title\"><a href=\"https:\/\/elton-bautenschutz.de\/ws\/hausmeisterservice\/\" target=\"_blank\">HAUSMEISTERSERVICE<\/a><\/h5><p>Bei Kleinreparaturen rund ums Haus, Innen wie Aussen, sind Sie bei uns richtig. Auch bei der Gartenpflege k\u00f6nnen Sie auf uns z\u00e4hlen.<\/p>\n<div class=\"read-more\"><a href=\"https:\/\/elton-bautenschutz.de\/ws\/hausmeisterservice\/\" target=\"_blank\">weiter<\/a><\/div><\/div><\/div><\/div>[\/vc_column][\/vc_row]<\/p>\n","protected":false},"excerpt":{"rendered":"[vc_row][vc_column][vc_custom_heading text=&#8220;Unsere Grunds\u00e4tze&#8220; font_container=&#8220;tag:h2|font_size:24|text_align:left|color:%23232323&#8243; google_fonts=&#8220;font_family:Raleway%3A100%2C200%2C300%2Cregular%2C500%2C600%2C700%2C800%2C900|font_style:700%20bold%20regular%3A700%3Anormal&#8220; css=&#8220;.vc_custom_1661263982519{margin-bottom: 30px !important;}&#8220;][\/vc_column][\/vc_row][vc_row][vc_column][vc_single_image image=&#8220;2082&#8243; img_size=&#8220;full&#8220; alignment=&#8220;center&#8220;][vc_column_text css=&#8220;.vc_custom_1661263966641{margin-top: 25px !important;margin-bottom: 25px !important;}&#8220;]F\u00fcr uns sind Kundenbeziehungen wichtig und unsere Philosophie setzt darauf, mit unseren Kunden zusammenzuarbeiten, um eine wettbewerbsf\u00e4higes und effektivse Paket mit einem qualitativ hochwertigen Ansatz abliefern zu k\u00f6nnen. Unsere Projektvielfalt und unser Engagement f\u00fcr Qualit\u00e4t haben es uns erm\u00f6glicht, die[&#8230;]","protected":false},"author":1,"featured_media":0,"parent":0,"menu_order":0,"comment_status":"closed","ping_status":"closed","template":"","meta":{"footnotes":""},"yoast_head":"<!-- This site is optimized with the Yoast SEO plugin v21.7 - https:\/\/yoast.com\/wordpress\/plugins\/seo\/ -->\n<title>\u00dcber uns - Elton Bautenschutz<\/title>\n<meta name=\"robots\" content=\"index, follow, max-snippet:-1, max-image-preview:large, max-video-preview:-1\" \/>\n<link rel=\"canonical\" href=\"https:\/\/elton-bautenschutz.de\/ws\/ueber-uns\/\" \/>\n<meta property=\"og:locale\" content=\"de_DE\" \/>\n<meta property=\"og:type\" content=\"article\" \/>\n<meta property=\"og:title\" content=\"\u00dcber uns - Elton Bautenschutz\" \/>\n<meta property=\"og:description\" content=\"[vc_row][vc_column][vc_custom_heading text=&#8220;Unsere Grunds\u00e4tze&#8220; font_container=&#8220;tag:h2|font_size:24|text_align:left|color:%23232323&#8243; google_fonts=&#8220;font_family:Raleway%3A100%2C200%2C300%2Cregular%2C500%2C600%2C700%2C800%2C900|font_style:700%20bold%20regular%3A700%3Anormal&#8220; css=&#8220;.vc_custom_1661263982519{margin-bottom: 30px !important;}&#8220;][\/vc_column][\/vc_row][vc_row][vc_column][vc_single_image image=&#8220;2082&#8243; img_size=&#8220;full&#8220; alignment=&#8220;center&#8220;][vc_column_text css=&#8220;.vc_custom_1661263966641{margin-top: 25px !important;margin-bottom: 25px !important;}&#8220;]F\u00fcr uns sind Kundenbeziehungen wichtig und unsere Philosophie setzt darauf, mit unseren Kunden zusammenzuarbeiten, um eine wettbewerbsf\u00e4higes und effektivse Paket mit einem qualitativ hochwertigen Ansatz abliefern zu k\u00f6nnen. Unsere Projektvielfalt und unser Engagement f\u00fcr Qualit\u00e4t haben es uns erm\u00f6glicht, die[...]\" \/>\n<meta property=\"og:url\" content=\"https:\/\/elton-bautenschutz.de\/ws\/ueber-uns\/\" \/>\n<meta property=\"og:site_name\" content=\"Elton Bautenschutz\" \/>\n<meta property=\"article:publisher\" content=\"https:\/\/www.facebook.com\/profile.php?id=100079921587209\" \/>\n<meta property=\"article:modified_time\" content=\"2023-03-16T11:10:31+00:00\" \/>\n<meta name=\"twitter:card\" content=\"summary_large_image\" \/>\n<meta name=\"twitter:label1\" content=\"Gesch\u00e4tzte Lesezeit\" \/>\n\t<meta name=\"twitter:data1\" content=\"3\u00a0Minuten\" \/>\n<script type=\"application\/ld+json\" class=\"yoast-schema-graph\">{\"@context\":\"https:\/\/schema.org\",\"@graph\":[{\"@type\":\"WebPage\",\"@id\":\"https:\/\/elton-bautenschutz.de\/ws\/ueber-uns\/\",\"url\":\"https:\/\/elton-bautenschutz.de\/ws\/ueber-uns\/\",\"name\":\"\u00dcber uns - Elton Bautenschutz\",\"isPartOf\":{\"@id\":\"https:\/\/elton-bautenschutz.de\/ws\/#website\"},\"datePublished\":\"2017-06-09T07:52:41+00:00\",\"dateModified\":\"2023-03-16T11:10:31+00:00\",\"breadcrumb\":{\"@id\":\"https:\/\/elton-bautenschutz.de\/ws\/ueber-uns\/#breadcrumb\"},\"inLanguage\":\"de\",\"potentialAction\":[{\"@type\":\"ReadAction\",\"target\":[\"https:\/\/elton-bautenschutz.de\/ws\/ueber-uns\/\"]}]},{\"@type\":\"BreadcrumbList\",\"@id\":\"https:\/\/elton-bautenschutz.de\/ws\/ueber-uns\/#breadcrumb\",\"itemListElement\":[{\"@type\":\"ListItem\",\"position\":1,\"name\":\"Startseite\",\"item\":\"https:\/\/elton-bautenschutz.de\/ws\/\"},{\"@type\":\"ListItem\",\"position\":2,\"name\":\"\u00dcber uns\"}]},{\"@type\":\"WebSite\",\"@id\":\"https:\/\/elton-bautenschutz.de\/ws\/#website\",\"url\":\"https:\/\/elton-bautenschutz.de\/ws\/\",\"name\":\"Elton Bautenschutz\",\"description\":\"\",\"publisher\":{\"@id\":\"https:\/\/elton-bautenschutz.de\/ws\/#organization\"},\"potentialAction\":[{\"@type\":\"SearchAction\",\"target\":{\"@type\":\"EntryPoint\",\"urlTemplate\":\"https:\/\/elton-bautenschutz.de\/ws\/?s={search_term_string}\"},\"query-input\":\"required name=search_term_string\"}],\"inLanguage\":\"de\"},{\"@type\":\"Organization\",\"@id\":\"https:\/\/elton-bautenschutz.de\/ws\/#organization\",\"name\":\"Elton Bautenschutz\",\"url\":\"https:\/\/elton-bautenschutz.de\/ws\/\",\"logo\":{\"@type\":\"ImageObject\",\"inLanguage\":\"de\",\"@id\":\"https:\/\/elton-bautenschutz.de\/ws\/#\/schema\/logo\/image\/\",\"url\":\"https:\/\/elton-bautenschutz.de\/ws\/wp-content\/uploads\/2022\/07\/logo_web.jpg\",\"contentUrl\":\"https:\/\/elton-bautenschutz.de\/ws\/wp-content\/uploads\/2022\/07\/logo_web.jpg\",\"width\":300,\"height\":99,\"caption\":\"Elton Bautenschutz\"},\"image\":{\"@id\":\"https:\/\/elton-bautenschutz.de\/ws\/#\/schema\/logo\/image\/\"},\"sameAs\":[\"https:\/\/www.facebook.com\/profile.php?id=100079921587209\"]}]}<\/script>\n<!-- \/ Yoast SEO plugin. -->","yoast_head_json":{"title":"\u00dcber uns - Elton Bautenschutz","robots":{"index":"index","follow":"follow","max-snippet":"max-snippet:-1","max-image-preview":"max-image-preview:large","max-video-preview":"max-video-preview:-1"},"canonical":"https:\/\/elton-bautenschutz.de\/ws\/ueber-uns\/","og_locale":"de_DE","og_type":"article","og_title":"\u00dcber uns - Elton Bautenschutz","og_description":"[vc_row][vc_column][vc_custom_heading text=&#8220;Unsere Grunds\u00e4tze&#8220; font_container=&#8220;tag:h2|font_size:24|text_align:left|color:%23232323&#8243; google_fonts=&#8220;font_family:Raleway%3A100%2C200%2C300%2Cregular%2C500%2C600%2C700%2C800%2C900|font_style:700%20bold%20regular%3A700%3Anormal&#8220; css=&#8220;.vc_custom_1661263982519{margin-bottom: 30px !important;}&#8220;][\/vc_column][\/vc_row][vc_row][vc_column][vc_single_image image=&#8220;2082&#8243; img_size=&#8220;full&#8220; alignment=&#8220;center&#8220;][vc_column_text css=&#8220;.vc_custom_1661263966641{margin-top: 25px !important;margin-bottom: 25px !important;}&#8220;]F\u00fcr uns sind Kundenbeziehungen wichtig und unsere Philosophie setzt darauf, mit unseren Kunden zusammenzuarbeiten, um eine wettbewerbsf\u00e4higes und effektivse Paket mit einem qualitativ hochwertigen Ansatz abliefern zu k\u00f6nnen. Unsere Projektvielfalt und unser Engagement f\u00fcr Qualit\u00e4t haben es uns erm\u00f6glicht, die[...]","og_url":"https:\/\/elton-bautenschutz.de\/ws\/ueber-uns\/","og_site_name":"Elton Bautenschutz","article_publisher":"https:\/\/www.facebook.com\/profile.php?id=100079921587209","article_modified_time":"2023-03-16T11:10:31+00:00","twitter_card":"summary_large_image","twitter_misc":{"Gesch\u00e4tzte Lesezeit":"3\u00a0Minuten"},"schema":{"@context":"https:\/\/schema.org","@graph":[{"@type":"WebPage","@id":"https:\/\/elton-bautenschutz.de\/ws\/ueber-uns\/","url":"https:\/\/elton-bautenschutz.de\/ws\/ueber-uns\/","name":"\u00dcber uns - Elton Bautenschutz","isPartOf":{"@id":"https:\/\/elton-bautenschutz.de\/ws\/#website"},"datePublished":"2017-06-09T07:52:41+00:00","dateModified":"2023-03-16T11:10:31+00:00","breadcrumb":{"@id":"https:\/\/elton-bautenschutz.de\/ws\/ueber-uns\/#breadcrumb"},"inLanguage":"de","potentialAction":[{"@type":"ReadAction","target":["https:\/\/elton-bautenschutz.de\/ws\/ueber-uns\/"]}]},{"@type":"BreadcrumbList","@id":"https:\/\/elton-bautenschutz.de\/ws\/ueber-uns\/#breadcrumb","itemListElement":[{"@type":"ListItem","position":1,"name":"Startseite","item":"https:\/\/elton-bautenschutz.de\/ws\/"},{"@type":"ListItem","position":2,"name":"\u00dcber uns"}]},{"@type":"WebSite","@id":"https:\/\/elton-bautenschutz.de\/ws\/#website","url":"https:\/\/elton-bautenschutz.de\/ws\/","name":"Elton Bautenschutz","description":"","publisher":{"@id":"https:\/\/elton-bautenschutz.de\/ws\/#organization"},"potentialAction":[{"@type":"SearchAction","target":{"@type":"EntryPoint","urlTemplate":"https:\/\/elton-bautenschutz.de\/ws\/?s={search_term_string}"},"query-input":"required name=search_term_string"}],"inLanguage":"de"},{"@type":"Organization","@id":"https:\/\/elton-bautenschutz.de\/ws\/#organization","name":"Elton Bautenschutz","url":"https:\/\/elton-bautenschutz.de\/ws\/","logo":{"@type":"ImageObject","inLanguage":"de","@id":"https:\/\/elton-bautenschutz.de\/ws\/#\/schema\/logo\/image\/","url":"https:\/\/elton-bautenschutz.de\/ws\/wp-content\/uploads\/2022\/07\/logo_web.jpg","contentUrl":"https:\/\/elton-bautenschutz.de\/ws\/wp-content\/uploads\/2022\/07\/logo_web.jpg","width":300,"height":99,"caption":"Elton Bautenschutz"},"image":{"@id":"https:\/\/elton-bautenschutz.de\/ws\/#\/schema\/logo\/image\/"},"sameAs":["https:\/\/www.facebook.com\/profile.php?id=100079921587209"]}]}},"_links":{"self":[{"href":"https:\/\/elton-bautenschutz.de\/ws\/wp-json\/wp\/v2\/pages\/301"}],"collection":[{"href":"https:\/\/elton-bautenschutz.de\/ws\/wp-json\/wp\/v2\/pages"}],"about":[{"href":"https:\/\/elton-bautenschutz.de\/ws\/wp-json\/wp\/v2\/types\/page"}],"author":[{"embeddable":true,"href":"https:\/\/elton-bautenschutz.de\/ws\/wp-json\/wp\/v2\/users\/1"}],"replies":[{"embeddable":true,"href":"https:\/\/elton-bautenschutz.de\/ws\/wp-json\/wp\/v2\/comments?post=301"}],"version-history":[{"count":14,"href":"https:\/\/elton-bautenschutz.de\/ws\/wp-json\/wp\/v2\/pages\/301\/revisions"}],"predecessor-version":[{"id":2249,"href":"https:\/\/elton-bautenschutz.de\/ws\/wp-json\/wp\/v2\/pages\/301\/revisions\/2249"}],"wp:attachment":[{"href":"https:\/\/elton-bautenschutz.de\/ws\/wp-json\/wp\/v2\/media?parent=301"}],"curies":[{"name":"wp","href":"https:\/\/api.w.org\/{rel}","templated":true}]}}