{"id":1332,"date":"2017-06-30T09:43:35","date_gmt":"2017-06-30T09:43:35","guid":{"rendered":"https:\/\/victorthemes.com\/themes\/roof\/?page_id=1332"},"modified":"2023-03-16T11:12:44","modified_gmt":"2023-03-16T11:12:44","slug":"wohnraumberatung","status":"publish","type":"page","link":"https:\/\/elton-bautenschutz.de\/ws\/wohnraumberatung\/","title":{"rendered":"Wohnraumberatung"},"content":{"rendered":"<p>[vc_row][vc_column css=&#8220;.vc_custom_1497257216016{margin-bottom: 25px !important;}&#8220;]<div class=\"about-wrap about-one about-69f64054ea8c9 \"><div class=\"about-info \"><h5>Elton Shtjefni<\/h5><h3>``Machen wir es sch\u00f6ner!``<\/h3><p><span class=\"VIiyi\" lang=\"de\"><span class=\"JLqJ4b ChMk0b\" data-language-for-alternatives=\"de\" data-language-to-translate-into=\"en\" data-phrase-index=\"0\" data-number-of-phrases=\"2\"><span class=\"Q4iAWc\">Wir stellen <\/span><\/span><span class=\"JLqJ4b ChMk0b\" data-language-for-alternatives=\"de\" data-language-to-translate-into=\"en\" data-phrase-index=\"1\" data-number-of-phrases=\"2\"><span class=\"Q4iAWc\">sicher dass Projekte auf h\u00f6chstem Niveau, p\u00fcnktlich und im Rahmen des vereinbarten Budgets umgesetzt werden.<\/span><\/span><\/span><\/p>\n<a href=\"https:\/\/elton-bautenschutz.de\/ws\/kontakt\/\" class=\"roof-btn\">Anfragen<\/a><\/div><div class=\"roof-picture\"><img decoding=\"async\" src=\"https:\/\/elton-bautenschutz.de\/ws\/wp-content\/uploads\/2022\/08\/vecteezy_person-s-engineer-hand-drawing-plan-on-blue-print-with_7359670_4201.jpg\" alt=\"Author\"><\/div><\/div>[\/vc_column][\/vc_row][vc_row][vc_column css=&#8220;.vc_custom_1497257260000{padding-top: 17px !important;padding-bottom: 34px !important;}&#8220;][vc_custom_heading text=&#8220;Was bedeutet Wohnraumberatung?&#8220; font_container=&#8220;tag:h2|font_size:24px|text_align:left|color:%23232323&#8243; google_fonts=&#8220;font_family:Raleway%3A100%2C200%2C300%2Cregular%2C500%2C600%2C700%2C800%2C900|font_style:700%20bold%20regular%3A700%3Anormal&#8220;][vc_column_text]Unter die Raumgestaltung fallen f\u00fcr uns nicht nur einzelne Punkte. Wir versuchen bei der Planung alle Aspekte von B\u00f6den, W\u00e4nden, Farben, M\u00f6beln und Textilien mit einfliessen zu lassen um den Raum und Ihren Geschmack und W\u00fcnsche in Einklang zu bringen.<\/p>\n<p>Es geht also um einen Mix in der Auswahl von Materialien und Oberfl\u00e4chen. Dazu kommt noch der Einsatz von Licht ob direkt oder indirekt.<\/p>\n<p>Gerne unterbreiten wir Ihnen Vorschl\u00e4ge, zeigen Ihnen Muster und Farben und finden so das ideale Konzept f\u00fcr Ihren Raum![\/vc_column_text][\/vc_column][\/vc_row][vc_row][vc_column width=&#8220;1\/2&#8243;][vc_custom_heading text=&#8220;Was f\u00fcr uns spricht:&#8220; font_container=&#8220;tag:h2|font_size:24px|text_align:left|color:%23232323&#8243; google_fonts=&#8220;font_family:Raleway%3A100%2C200%2C300%2Cregular%2C500%2C600%2C700%2C800%2C900|font_style:700%20bold%20regular%3A700%3Anormal&#8220; css=&#8220;.vc_custom_1660909843920{margin-bottom: 20px !important;}&#8220;][vc_custom_heading text=&#8220;Wir betreuen den Auftrag vom Konzept, \u00fcber die Planung und Betreuung und der Umsetzung. Unser Team aus Spezialisten hat nur ein Ziel: Ihren Wunsch perfekt umzusetzen!&#8220; font_container=&#8220;tag:p|font_size:14px|text_align:left|color:%23888888&#8243; google_fonts=&#8220;font_family:Raleway%3A100%2C200%2C300%2Cregular%2C500%2C600%2C700%2C800%2C900|font_style:400%20regular%3A400%3Anormal&#8220;]<ul class=\"square-bullets  roof-list-69f64054eaa09\"><li>Wir stehen f\u00fcr Qualit\u00e4t und Handwerk<\/li><li>Wir sind p\u00fcnktlich und bleiben im Budget<\/li><li>Unser Fokus liegt auf Kundenzufriedenheit<\/li><\/ul>[\/vc_column][vc_column width=&#8220;1\/2&#8243;]<h3 class=\"info-title\">Infobrosch\u00fcre<\/h3><div class=\"brochure-wrap  brochure-69f64054eaa24\"><div class=\"roof-picture\"><img decoding=\"async\" src=\"https:\/\/elton-bautenschutz.de\/ws\/wp-content\/uploads\/2017\/01\/brochure.png\" alt=\"Infobrosch\u00fcre\"><\/div><div class=\"brochure-info\"><a href=\"#0\"  class=\"roof-btn\">DOWNLOAD<\/a><\/div><\/div>[\/vc_column][\/vc_row][vc_row disable_element=&#8220;yes&#8220; overlay_dotted=&#8220;&#8220; css=&#8220;.vc_custom_1660910730673{padding-top: 30px !important;}&#8220;][vc_column width=&#8220;1\/2&#8243;][vc_custom_heading text=&#8220;H\u00e4ufige Fragen:&#8220; font_container=&#8220;tag:h2|font_size:24px|text_align:left|color:%23232323&#8243; google_fonts=&#8220;font_family:Raleway%3A100%2C200%2C300%2Cregular%2C500%2C600%2C700%2C800%2C900|font_style:700%20bold%20regular%3A700%3Anormal&#8220; css=&#8220;.vc_custom_1660909869876{margin-bottom: 20px !important;}&#8220;]<div class=\"roof-questions  collapse-others\"><div class=\"accordion\" id=\"accordion-our-company-mission0\" role=\"tablist\" aria-multiselectable=\"true\"><div class=\"card panel panel-default\"><div class=\"panel-heading show\"><h4 class=\"panel-title accordion-title\"><button class=\"btn btn-link panel-title accordion-toggle \" data-toggle=\"collapse\" data-target=\"#blsptAcc-069f64054eab94\" aria-expanded=\"true\" aria-controls=\"blsptAcc-069f64054eab94\"><strong>Our Company Mission<\/strong><\/button><\/h4><\/div><div id=\"blsptAcc-069f64054eab94\" class=\"panel-collapse collapse show\"><div class=\"card-body panel-body panel-content\">[vc_custom_heading text=&#8220;What types of community organisations does Australia\u2019s Bridge work with and How do the community organisations know they are getting quality work?&#8220; font_container=&#8220;tag:p|font_size:14px|text_align:left|color:%23888888&#8243; google_fonts=&#8220;font_family:Raleway%3A100%2C200%2C300%2Cregular%2C500%2C600%2C700%2C800%2C900|font_style:400%20regular%3A400%3Anormal&#8220;]<\/div><\/div><\/div><\/div><div class=\"accordion\" id=\"accordion-how-can-i-terminate-the-contract1\" role=\"tablist\" aria-multiselectable=\"true\"><div class=\"card panel panel-default\"><div class=\"panel-heading\"><h4 class=\"panel-title accordion-title\"><button class=\"btn btn-link panel-title accordion-toggle \" data-toggle=\"collapse\" data-target=\"#blsptAcc-169f64054eab94\" aria-expanded=\"true\" aria-controls=\"blsptAcc-169f64054eab94\"><strong>How can I terminate the contract?<\/strong><\/button><\/h4><\/div><div id=\"blsptAcc-169f64054eab94\" class=\"panel-collapse collapse\"><div class=\"card-body panel-body panel-content\">[vc_custom_heading text=&#8220;For small projects like replacing a window or patching a wall, the answer is no. For larger projects, In an architect can add tremendous value and cost savings to your project.&#8220; font_container=&#8220;tag:p|font_size:14px|text_align:left|color:%23888888&#8243; google_fonts=&#8220;font_family:Raleway%3A100%2C200%2C300%2Cregular%2C500%2C600%2C700%2C800%2C900|font_style:400%20regular%3A400%3Anormal&#8220;]<\/div><\/div><\/div><\/div><div class=\"accordion\" id=\"accordion-how-to-pay-for-your-services2\" role=\"tablist\" aria-multiselectable=\"true\"><div class=\"card panel panel-default\"><div class=\"panel-heading\"><h4 class=\"panel-title accordion-title\"><button class=\"btn btn-link panel-title accordion-toggle \" data-toggle=\"collapse\" data-target=\"#blsptAcc-269f64054eab94\" aria-expanded=\"true\" aria-controls=\"blsptAcc-269f64054eab94\"><strong>How to pay for your services?<\/strong><\/button><\/h4><\/div><div id=\"blsptAcc-269f64054eab94\" class=\"panel-collapse collapse\"><div class=\"card-body panel-body panel-content\">[vc_custom_heading text=&#8220;It does make candidates stand out if they can call on examples from other areas of their lives, such as internships, part-time jobs or extracurricular activities,\u2019 Neemita Mepani, graduate resourcing partner at AMEC, reflects.&#8220; font_container=&#8220;tag:p|font_size:14px|text_align:left|color:%23888888&#8243; google_fonts=&#8220;font_family:Raleway%3A100%2C200%2C300%2Cregular%2C500%2C600%2C700%2C800%2C900|font_style:400%20regular%3A400%3Anormal&#8220;]<\/div><\/div><\/div><\/div><\/div>[\/vc_column][vc_column width=&#8220;1\/2&#8243;][vc_custom_heading text=&#8220;Der Ablauf&#8220; font_container=&#8220;tag:h2|font_size:24px|text_align:left|color:%23232323&#8243; google_fonts=&#8220;font_family:Raleway%3A100%2C200%2C300%2Cregular%2C500%2C600%2C700%2C800%2C900|font_style:700%20bold%20regular%3A700%3Anormal&#8220; css=&#8220;.vc_custom_1660909909529{margin-bottom: 21px !important;}&#8220;][vc_custom_heading text=&#8220;Bring to the table win-win survival strategies to ensure proactive domination. At the end of the day, going forward, a new normal that has evolved from generation X is on the runway heading towards a streamlined cloud solution. User generated content in real-time will have multiple touchpoints for offshoring.Collaboratively administrate turnkey channels whereas virtual e-tailers.<\/p>\n<p>Distinctively re-engineer revolutionary meta-services and premium architectures. Intrinsically incubate intuitive opportunities and real-time potentialities. Appropriately communicate one-to-one technology after plug-and-play networks.Quickly aggregate B2B users and worldwide potentialities. Progressively plagiarize resource-leveling e-commerce through resource-leveling core competencies.&#8220; font_container=&#8220;tag:p|font_size:14px|text_align:left|color:%23888888&#8243; google_fonts=&#8220;font_family:Raleway%3A100%2C200%2C300%2Cregular%2C500%2C600%2C700%2C800%2C900|font_style:400%20regular%3A400%3Anormal&#8220;][\/vc_column][\/vc_row]<\/p>\n","protected":false},"excerpt":{"rendered":"[vc_row][vc_column css=&#8220;.vc_custom_1497257216016{margin-bottom: 25px !important;}&#8220;][\/vc_column][\/vc_row][vc_row][vc_column css=&#8220;.vc_custom_1497257260000{padding-top: 17px !important;padding-bottom: 34px !important;}&#8220;][vc_custom_heading text=&#8220;Was bedeutet Wohnraumberatung?&#8220; font_container=&#8220;tag:h2|font_size:24px|text_align:left|color:%23232323&#8243; google_fonts=&#8220;font_family:Raleway%3A100%2C200%2C300%2Cregular%2C500%2C600%2C700%2C800%2C900|font_style:700%20bold%20regular%3A700%3Anormal&#8220;][vc_column_text]Unter die Raumgestaltung fallen f\u00fcr uns nicht nur einzelne Punkte. Wir versuchen bei der Planung alle Aspekte von B\u00f6den, W\u00e4nden, Farben, M\u00f6beln und Textilien mit einfliessen zu lassen um den Raum und Ihren Geschmack und W\u00fcnsche in Einklang zu bringen. Es geht[&#8230;]","protected":false},"author":1,"featured_media":0,"parent":0,"menu_order":0,"comment_status":"closed","ping_status":"closed","template":"","meta":{"footnotes":""},"yoast_head":"<!-- This site is optimized with the Yoast SEO plugin v21.7 - https:\/\/yoast.com\/wordpress\/plugins\/seo\/ -->\n<title>Wohnraumberatung - Elton Bautenschutz<\/title>\n<meta name=\"robots\" content=\"index, follow, max-snippet:-1, max-image-preview:large, max-video-preview:-1\" \/>\n<link rel=\"canonical\" href=\"https:\/\/elton-bautenschutz.de\/ws\/wohnraumberatung\/\" \/>\n<meta property=\"og:locale\" content=\"de_DE\" \/>\n<meta property=\"og:type\" content=\"article\" \/>\n<meta property=\"og:title\" content=\"Wohnraumberatung - Elton Bautenschutz\" \/>\n<meta property=\"og:description\" content=\"[vc_row][vc_column css=&#8220;.vc_custom_1497257216016{margin-bottom: 25px !important;}&#8220;][\/vc_column][\/vc_row][vc_row][vc_column css=&#8220;.vc_custom_1497257260000{padding-top: 17px !important;padding-bottom: 34px !important;}&#8220;][vc_custom_heading text=&#8220;Was bedeutet Wohnraumberatung?&#8220; font_container=&#8220;tag:h2|font_size:24px|text_align:left|color:%23232323&#8243; google_fonts=&#8220;font_family:Raleway%3A100%2C200%2C300%2Cregular%2C500%2C600%2C700%2C800%2C900|font_style:700%20bold%20regular%3A700%3Anormal&#8220;][vc_column_text]Unter die Raumgestaltung fallen f\u00fcr uns nicht nur einzelne Punkte. Wir versuchen bei der Planung alle Aspekte von B\u00f6den, W\u00e4nden, Farben, M\u00f6beln und Textilien mit einfliessen zu lassen um den Raum und Ihren Geschmack und W\u00fcnsche in Einklang zu bringen. Es geht[...]\" \/>\n<meta property=\"og:url\" content=\"https:\/\/elton-bautenschutz.de\/ws\/wohnraumberatung\/\" \/>\n<meta property=\"og:site_name\" content=\"Elton Bautenschutz\" \/>\n<meta property=\"article:publisher\" content=\"https:\/\/www.facebook.com\/profile.php?id=100079921587209\" \/>\n<meta property=\"article:modified_time\" content=\"2023-03-16T11:12:44+00:00\" \/>\n<meta name=\"twitter:card\" content=\"summary_large_image\" \/>\n<meta name=\"twitter:label1\" content=\"Gesch\u00e4tzte Lesezeit\" \/>\n\t<meta name=\"twitter:data1\" content=\"3\u00a0Minuten\" \/>\n<script type=\"application\/ld+json\" class=\"yoast-schema-graph\">{\"@context\":\"https:\/\/schema.org\",\"@graph\":[{\"@type\":\"WebPage\",\"@id\":\"https:\/\/elton-bautenschutz.de\/ws\/wohnraumberatung\/\",\"url\":\"https:\/\/elton-bautenschutz.de\/ws\/wohnraumberatung\/\",\"name\":\"Wohnraumberatung - Elton Bautenschutz\",\"isPartOf\":{\"@id\":\"https:\/\/elton-bautenschutz.de\/ws\/#website\"},\"datePublished\":\"2017-06-30T09:43:35+00:00\",\"dateModified\":\"2023-03-16T11:12:44+00:00\",\"breadcrumb\":{\"@id\":\"https:\/\/elton-bautenschutz.de\/ws\/wohnraumberatung\/#breadcrumb\"},\"inLanguage\":\"de\",\"potentialAction\":[{\"@type\":\"ReadAction\",\"target\":[\"https:\/\/elton-bautenschutz.de\/ws\/wohnraumberatung\/\"]}]},{\"@type\":\"BreadcrumbList\",\"@id\":\"https:\/\/elton-bautenschutz.de\/ws\/wohnraumberatung\/#breadcrumb\",\"itemListElement\":[{\"@type\":\"ListItem\",\"position\":1,\"name\":\"Startseite\",\"item\":\"https:\/\/elton-bautenschutz.de\/ws\/\"},{\"@type\":\"ListItem\",\"position\":2,\"name\":\"Wohnraumberatung\"}]},{\"@type\":\"WebSite\",\"@id\":\"https:\/\/elton-bautenschutz.de\/ws\/#website\",\"url\":\"https:\/\/elton-bautenschutz.de\/ws\/\",\"name\":\"Elton Bautenschutz\",\"description\":\"\",\"publisher\":{\"@id\":\"https:\/\/elton-bautenschutz.de\/ws\/#organization\"},\"potentialAction\":[{\"@type\":\"SearchAction\",\"target\":{\"@type\":\"EntryPoint\",\"urlTemplate\":\"https:\/\/elton-bautenschutz.de\/ws\/?s={search_term_string}\"},\"query-input\":\"required name=search_term_string\"}],\"inLanguage\":\"de\"},{\"@type\":\"Organization\",\"@id\":\"https:\/\/elton-bautenschutz.de\/ws\/#organization\",\"name\":\"Elton Bautenschutz\",\"url\":\"https:\/\/elton-bautenschutz.de\/ws\/\",\"logo\":{\"@type\":\"ImageObject\",\"inLanguage\":\"de\",\"@id\":\"https:\/\/elton-bautenschutz.de\/ws\/#\/schema\/logo\/image\/\",\"url\":\"https:\/\/elton-bautenschutz.de\/ws\/wp-content\/uploads\/2022\/07\/logo_web.jpg\",\"contentUrl\":\"https:\/\/elton-bautenschutz.de\/ws\/wp-content\/uploads\/2022\/07\/logo_web.jpg\",\"width\":300,\"height\":99,\"caption\":\"Elton Bautenschutz\"},\"image\":{\"@id\":\"https:\/\/elton-bautenschutz.de\/ws\/#\/schema\/logo\/image\/\"},\"sameAs\":[\"https:\/\/www.facebook.com\/profile.php?id=100079921587209\"]}]}<\/script>\n<!-- \/ Yoast SEO plugin. -->","yoast_head_json":{"title":"Wohnraumberatung - Elton Bautenschutz","robots":{"index":"index","follow":"follow","max-snippet":"max-snippet:-1","max-image-preview":"max-image-preview:large","max-video-preview":"max-video-preview:-1"},"canonical":"https:\/\/elton-bautenschutz.de\/ws\/wohnraumberatung\/","og_locale":"de_DE","og_type":"article","og_title":"Wohnraumberatung - Elton Bautenschutz","og_description":"[vc_row][vc_column css=&#8220;.vc_custom_1497257216016{margin-bottom: 25px !important;}&#8220;][\/vc_column][\/vc_row][vc_row][vc_column css=&#8220;.vc_custom_1497257260000{padding-top: 17px !important;padding-bottom: 34px !important;}&#8220;][vc_custom_heading text=&#8220;Was bedeutet Wohnraumberatung?&#8220; font_container=&#8220;tag:h2|font_size:24px|text_align:left|color:%23232323&#8243; google_fonts=&#8220;font_family:Raleway%3A100%2C200%2C300%2Cregular%2C500%2C600%2C700%2C800%2C900|font_style:700%20bold%20regular%3A700%3Anormal&#8220;][vc_column_text]Unter die Raumgestaltung fallen f\u00fcr uns nicht nur einzelne Punkte. Wir versuchen bei der Planung alle Aspekte von B\u00f6den, W\u00e4nden, Farben, M\u00f6beln und Textilien mit einfliessen zu lassen um den Raum und Ihren Geschmack und W\u00fcnsche in Einklang zu bringen. Es geht[...]","og_url":"https:\/\/elton-bautenschutz.de\/ws\/wohnraumberatung\/","og_site_name":"Elton Bautenschutz","article_publisher":"https:\/\/www.facebook.com\/profile.php?id=100079921587209","article_modified_time":"2023-03-16T11:12:44+00:00","twitter_card":"summary_large_image","twitter_misc":{"Gesch\u00e4tzte Lesezeit":"3\u00a0Minuten"},"schema":{"@context":"https:\/\/schema.org","@graph":[{"@type":"WebPage","@id":"https:\/\/elton-bautenschutz.de\/ws\/wohnraumberatung\/","url":"https:\/\/elton-bautenschutz.de\/ws\/wohnraumberatung\/","name":"Wohnraumberatung - Elton Bautenschutz","isPartOf":{"@id":"https:\/\/elton-bautenschutz.de\/ws\/#website"},"datePublished":"2017-06-30T09:43:35+00:00","dateModified":"2023-03-16T11:12:44+00:00","breadcrumb":{"@id":"https:\/\/elton-bautenschutz.de\/ws\/wohnraumberatung\/#breadcrumb"},"inLanguage":"de","potentialAction":[{"@type":"ReadAction","target":["https:\/\/elton-bautenschutz.de\/ws\/wohnraumberatung\/"]}]},{"@type":"BreadcrumbList","@id":"https:\/\/elton-bautenschutz.de\/ws\/wohnraumberatung\/#breadcrumb","itemListElement":[{"@type":"ListItem","position":1,"name":"Startseite","item":"https:\/\/elton-bautenschutz.de\/ws\/"},{"@type":"ListItem","position":2,"name":"Wohnraumberatung"}]},{"@type":"WebSite","@id":"https:\/\/elton-bautenschutz.de\/ws\/#website","url":"https:\/\/elton-bautenschutz.de\/ws\/","name":"Elton Bautenschutz","description":"","publisher":{"@id":"https:\/\/elton-bautenschutz.de\/ws\/#organization"},"potentialAction":[{"@type":"SearchAction","target":{"@type":"EntryPoint","urlTemplate":"https:\/\/elton-bautenschutz.de\/ws\/?s={search_term_string}"},"query-input":"required name=search_term_string"}],"inLanguage":"de"},{"@type":"Organization","@id":"https:\/\/elton-bautenschutz.de\/ws\/#organization","name":"Elton Bautenschutz","url":"https:\/\/elton-bautenschutz.de\/ws\/","logo":{"@type":"ImageObject","inLanguage":"de","@id":"https:\/\/elton-bautenschutz.de\/ws\/#\/schema\/logo\/image\/","url":"https:\/\/elton-bautenschutz.de\/ws\/wp-content\/uploads\/2022\/07\/logo_web.jpg","contentUrl":"https:\/\/elton-bautenschutz.de\/ws\/wp-content\/uploads\/2022\/07\/logo_web.jpg","width":300,"height":99,"caption":"Elton Bautenschutz"},"image":{"@id":"https:\/\/elton-bautenschutz.de\/ws\/#\/schema\/logo\/image\/"},"sameAs":["https:\/\/www.facebook.com\/profile.php?id=100079921587209"]}]}},"_links":{"self":[{"href":"https:\/\/elton-bautenschutz.de\/ws\/wp-json\/wp\/v2\/pages\/1332"}],"collection":[{"href":"https:\/\/elton-bautenschutz.de\/ws\/wp-json\/wp\/v2\/pages"}],"about":[{"href":"https:\/\/elton-bautenschutz.de\/ws\/wp-json\/wp\/v2\/types\/page"}],"author":[{"embeddable":true,"href":"https:\/\/elton-bautenschutz.de\/ws\/wp-json\/wp\/v2\/users\/1"}],"replies":[{"embeddable":true,"href":"https:\/\/elton-bautenschutz.de\/ws\/wp-json\/wp\/v2\/comments?post=1332"}],"version-history":[{"count":12,"href":"https:\/\/elton-bautenschutz.de\/ws\/wp-json\/wp\/v2\/pages\/1332\/revisions"}],"predecessor-version":[{"id":2252,"href":"https:\/\/elton-bautenschutz.de\/ws\/wp-json\/wp\/v2\/pages\/1332\/revisions\/2252"}],"wp:attachment":[{"href":"https:\/\/elton-bautenschutz.de\/ws\/wp-json\/wp\/v2\/media?parent=1332"}],"curies":[{"name":"wp","href":"https:\/\/api.w.org\/{rel}","templated":true}]}}